{"id":1952,"date":"2022-05-29T02:28:48","date_gmt":"2022-05-29T05:28:48","guid":{"rendered":"http:\/\/www.puentemaipo.cl\/wp\/?page_id=1952"},"modified":"2023-01-12T02:05:55","modified_gmt":"2023-01-12T05:05:55","slug":"talleres-extraprogramaticos","status":"publish","type":"page","link":"https:\/\/www.puentemaipo.cl\/wp\/talleres-extraprogramaticos\/","title":{"rendered":"TALLERES EXTRAPROGRAM\u00c1TICOS"},"content":{"rendered":"<p>[vc_row][vc_column][vc_single_image image=&#8221;1955&#8243; img_size=&#8221;full&#8221;][vc_empty_space]            <div class=\"heading color-dark text-center \" >\n                                    <span class=\"s-color\"><i class=\"fa fa-star\"><\/i><\/span>\n                                                <h2 class=\"heading-color fs-38\">\n                    TALLERES EXTRAPROGRAM\u00c1TICOS                <\/h2>\n                            <\/div>\n            [vc_empty_space][\/vc_column][\/vc_row][vc_row][vc_column width=&#8221;1\/2&#8243;][vc_column_text]Conociendo que el deporte es fundamental para la formaci\u00f3n de los ni\u00f1os y j\u00f3venes, el colegio PuenteMaipo ofrece una gran variedad de opciones para que los alumnos se desarrollen en distintas disciplinas, compartiendo con otros ni\u00f1os y j\u00f3venes, y realizando un trabajo en equipo.<\/p>\n<p>Los talleres son gratuitos y los alumnos se pueden inscribir libremente, dependiendo de los cupos y el nivel que cursen. Algunos ejemplos de talleres deportivos:<\/p>\n<ul>\n<li>Baby f\u00fatbol<\/li>\n<li>Baloncesto<\/li>\n<li>Preparaci\u00f3n f\u00edsica (para alumnos y apoderados los s\u00e1bados)<\/li>\n<li>Ciclismo<\/li>\n<li>Taekwondo formativo<\/li>\n<li>Etc.<\/li>\n<\/ul>\n<p>Asimismo, el colegio PuenteMaipo se preocupa de la formaci\u00f3n cultural, musical y tecnol\u00f3gica de los alumnos, ofreciendo diversas opciones de talleres:<\/p>\n<ul>\n<li>Coro<\/li>\n<li>Ensamble instrumental<\/li>\n<li>Piano<\/li>\n<li>Rob\u00f3tica<\/li>\n<\/ul>\n<p>[\/vc_column_text][\/vc_column][vc_column width=&#8221;1\/2&#8243;][vc_single_image image=&#8221;1957&#8243; img_size=&#8221;full&#8221;][\/vc_column][\/vc_row][vc_row][vc_column][vc_masonry_media_grid element_width=&#8221;3&#8243; grid_id=&#8221;vc_gid:1673499840772-d5d48269-701d-1&#8243; include=&#8221;1976,1975,1974,1973,1970,1969,1986,1987,1988,1993,1990&#8243;][\/vc_column][\/vc_row][vc_row][vc_column][vc_empty_space height=&#8221;100px&#8221;][\/vc_column][\/vc_row]<\/p>\n","protected":false},"excerpt":{"rendered":"<p>[vc_row][vc_column][vc_single_image image=&#8221;1955&#8243; img_size=&#8221;full&#8221;][vc_empty_space][vc_empty_space][\/vc_column][\/vc_row][vc_row][vc_column width=&#8221;1\/2&#8243;][vc_column_text]Conociendo que el deporte es fundamental para la formaci\u00f3n de los ni\u00f1os y j\u00f3venes, el colegio PuenteMaipo ofrece una gran variedad de opciones para que los alumnos se desarrollen en distintas disciplinas, compartiendo con otros ni\u00f1os y j\u00f3venes, y realizando un trabajo en equipo. Los talleres son gratuitos y los alumnos se [&hellip;]<\/p>\n","protected":false},"author":1,"featured_media":0,"parent":0,"menu_order":0,"comment_status":"closed","ping_status":"closed","template":"","meta":{"om_disable_all_campaigns":false,"_monsterinsights_skip_tracking":false,"_monsterinsights_sitenote_active":false,"_monsterinsights_sitenote_note":"","_monsterinsights_sitenote_category":0,"_price":"","_stock":"","_tribe_ticket_header":"","_tribe_default_ticket_provider":"","_tribe_ticket_capacity":"0","_ticket_start_date":"","_ticket_end_date":"","_tribe_ticket_show_description":"","_tribe_ticket_show_not_going":false,"_tribe_ticket_use_global_stock":"","_tribe_ticket_global_stock_level":"","_global_stock_mode":"","_global_stock_cap":"","_tribe_rsvp_for_event":"","_tribe_ticket_going_count":"","_tribe_ticket_not_going_count":"","_tribe_tickets_list":[],"_tribe_ticket_has_attendee_info_fields":false},"_links":{"self":[{"href":"https:\/\/www.puentemaipo.cl\/wp\/wp-json\/wp\/v2\/pages\/1952"}],"collection":[{"href":"https:\/\/www.puentemaipo.cl\/wp\/wp-json\/wp\/v2\/pages"}],"about":[{"href":"https:\/\/www.puentemaipo.cl\/wp\/wp-json\/wp\/v2\/types\/page"}],"author":[{"embeddable":true,"href":"https:\/\/www.puentemaipo.cl\/wp\/wp-json\/wp\/v2\/users\/1"}],"replies":[{"embeddable":true,"href":"https:\/\/www.puentemaipo.cl\/wp\/wp-json\/wp\/v2\/comments?post=1952"}],"version-history":[{"count":13,"href":"https:\/\/www.puentemaipo.cl\/wp\/wp-json\/wp\/v2\/pages\/1952\/revisions"}],"predecessor-version":[{"id":2287,"href":"https:\/\/www.puentemaipo.cl\/wp\/wp-json\/wp\/v2\/pages\/1952\/revisions\/2287"}],"wp:attachment":[{"href":"https:\/\/www.puentemaipo.cl\/wp\/wp-json\/wp\/v2\/media?parent=1952"}],"curies":[{"name":"wp","href":"https:\/\/api.w.org\/{rel}","templated":true}]}}