{"id":1336,"date":"2020-08-24T00:58:54","date_gmt":"2020-08-24T03:58:54","guid":{"rendered":"http:\/\/www.puentemaipo.cl\/wp\/?page_id=1336"},"modified":"2024-10-20T23:49:37","modified_gmt":"2024-10-21T02:49:37","slug":"vision-mision","status":"publish","type":"page","link":"https:\/\/www.puentemaipo.cl\/wp\/vision-mision\/","title":{"rendered":"Visi\u00f3n \/ Misi\u00f3n"},"content":{"rendered":"<p>[vc_row][vc_column width=&#8221;1\/2&#8243;][vc_hoverbox image=&#8221;1342&#8243; primary_title=&#8221;Visi\u00f3n&#8221; primary_title_font_container=&#8221;color:%23ffffff&#8221; primary_title_use_theme_fonts=&#8221;yes&#8221; hover_title=&#8221;Visi\u00f3n&#8221; use_custom_fonts_primary_title=&#8221;true&#8221;]Aspiramos a formar hombres de bien, capaces de organizar sus vidas de acuerdo a criterios rectos y verdaderos que les den la posibilidad de tomar decisiones personales acertadas y hacerse responsables de ellas; padres de familia responsables, con claras posibilidades de mirar el futuro con esperanza y optimismo, emprendedores y dispuestos a influir positivamente en la sociedad.<\/p>\n<p>Asimismo, aspiramos a que nuestros alumnos sigan perfeccion\u00e1ndose a trav\u00e9s de estudios superiores, ya sea en las \u00e1reas del conocimiento t\u00e9cnico, de otras ciencias o artes de modo que a trav\u00e9s de un mejoramiento continuo puedan ser agentes m\u00e1s eficaces en su desarrollo personal, familiar y de la sociedad entera.<\/p>\n<p>Consideramos que los padres, en su calidad de \u201cPrimeros Educadores\u201d, tienen un rol fundamental en la formaci\u00f3n humana e intelectual de sus hijos (nuestros alumnos), por lo que, de acuerdo a nuestro proyecto educativo institucional, su presencia activa es necesaria en las distintas instancias que ofrece el Colegio.[\/vc_hoverbox][\/vc_column][vc_column width=&#8221;1\/2&#8243;][vc_hoverbox image=&#8221;1346&#8243; primary_title=&#8221;Misi\u00f3n&#8221; primary_title_font_container=&#8221;color:%23ffffff&#8221; primary_title_use_theme_fonts=&#8221;yes&#8221; hover_title=&#8221;Misi\u00f3n&#8221; use_custom_fonts_primary_title=&#8221;true&#8221;]<\/p>\n<p>&nbsp;<\/p>\n<p>Entregar una educaci\u00f3n integral e innovadora de excelencia a ni\u00f1os y j\u00f3venes desde Pre K\u00ednder (NT1) hasta\u00a0IV\u00ba Medio\u00a0T\u00e9cnico-Profesional, de inspiraci\u00f3n cat\u00f3lica, para ni\u00f1os y\u00a0j\u00f3venes provenientes de entornos vulnerables, impartida en un plan de formaci\u00f3n humana, intelectual, cultural, afectiva y espiritual que considera prioritario el desarrollo de todas las virtudes humanas como fundamento sobre las que se edifican las virtudes sobrenaturales, logrando as\u00ed \u2013entre otras cosas-, un ambiente solidario y sano entre los alumnos,\u00a0d\u00e1ndoles las herramientas que les permitan ser agentes de mejora en su entorno.<\/p>\n<p>&nbsp;<\/p>\n<p>&nbsp;<\/p>\n<p>[\/vc_hoverbox][\/vc_column][\/vc_row][vc_row][vc_column][vc_empty_space height=&#8221;50px&#8221;][\/vc_column][\/vc_row]<\/p>\n","protected":false},"excerpt":{"rendered":"<p>[vc_row][vc_column width=&#8221;1\/2&#8243;][vc_hoverbox image=&#8221;1342&#8243; primary_title=&#8221;Visi\u00f3n&#8221; primary_title_font_container=&#8221;color:%23ffffff&#8221; primary_title_use_theme_fonts=&#8221;yes&#8221; hover_title=&#8221;Visi\u00f3n&#8221; use_custom_fonts_primary_title=&#8221;true&#8221;]Aspiramos a formar hombres de bien, capaces de organizar sus vidas de acuerdo a criterios rectos y verdaderos que les den la posibilidad de tomar decisiones personales acertadas y hacerse responsables de ellas; padres de familia responsables, con claras posibilidades de mirar el futuro con esperanza y optimismo, [&hellip;]<\/p>\n","protected":false},"author":1,"featured_media":0,"parent":0,"menu_order":0,"comment_status":"closed","ping_status":"closed","template":"","meta":{"om_disable_all_campaigns":false,"_monsterinsights_skip_tracking":false,"_monsterinsights_sitenote_active":false,"_monsterinsights_sitenote_note":"","_monsterinsights_sitenote_category":0,"_price":"","_stock":"","_tribe_ticket_header":"","_tribe_default_ticket_provider":"","_tribe_ticket_capacity":"0","_ticket_start_date":"","_ticket_end_date":"","_tribe_ticket_show_description":"","_tribe_ticket_show_not_going":false,"_tribe_ticket_use_global_stock":"","_tribe_ticket_global_stock_level":"","_global_stock_mode":"","_global_stock_cap":"","_tribe_rsvp_for_event":"","_tribe_ticket_going_count":"","_tribe_ticket_not_going_count":"","_tribe_tickets_list":[],"_tribe_ticket_has_attendee_info_fields":false},"_links":{"self":[{"href":"https:\/\/www.puentemaipo.cl\/wp\/wp-json\/wp\/v2\/pages\/1336"}],"collection":[{"href":"https:\/\/www.puentemaipo.cl\/wp\/wp-json\/wp\/v2\/pages"}],"about":[{"href":"https:\/\/www.puentemaipo.cl\/wp\/wp-json\/wp\/v2\/types\/page"}],"author":[{"embeddable":true,"href":"https:\/\/www.puentemaipo.cl\/wp\/wp-json\/wp\/v2\/users\/1"}],"replies":[{"embeddable":true,"href":"https:\/\/www.puentemaipo.cl\/wp\/wp-json\/wp\/v2\/comments?post=1336"}],"version-history":[{"count":12,"href":"https:\/\/www.puentemaipo.cl\/wp\/wp-json\/wp\/v2\/pages\/1336\/revisions"}],"predecessor-version":[{"id":2479,"href":"https:\/\/www.puentemaipo.cl\/wp\/wp-json\/wp\/v2\/pages\/1336\/revisions\/2479"}],"wp:attachment":[{"href":"https:\/\/www.puentemaipo.cl\/wp\/wp-json\/wp\/v2\/media?parent=1336"}],"curies":[{"name":"wp","href":"https:\/\/api.w.org\/{rel}","templated":true}]}}